{"id":173,"date":"2022-05-06T03:56:15","date_gmt":"2022-05-06T03:56:15","guid":{"rendered":"https:\/\/pge40anos.sc.gov.br\/?page_id=173"},"modified":"2022-05-06T06:08:23","modified_gmt":"2022-05-06T06:08:23","slug":"tese-de-santa-catarina","status":"publish","type":"page","link":"https:\/\/pge40anos.sc.gov.br\/?page_id=173","title":{"rendered":"Tese de Santa Catarina"},"content":{"rendered":"\t\t<div data-elementor-type=\"wp-page\" data-elementor-id=\"173\" class=\"elementor elementor-173\">\n\t\t\t\t\t\t\t\t\t<section class=\"elementor-section elementor-top-section elementor-element elementor-element-d15f14a elementor-section-boxed elementor-section-height-default elementor-section-height-default\" data-id=\"d15f14a\" data-element_type=\"section\" data-settings=\"{&quot;background_background&quot;:&quot;classic&quot;}\">\n\t\t\t\t\t\t<div class=\"elementor-container elementor-column-gap-default\">\n\t\t\t\t\t<div class=\"elementor-column elementor-col-100 elementor-top-column elementor-element elementor-element-a5c18b3\" data-id=\"a5c18b3\" data-element_type=\"column\">\n\t\t\t<div class=\"elementor-widget-wrap elementor-element-populated\">\n\t\t\t\t\t\t\t\t<div class=\"elementor-element elementor-element-55964c0 elementor-widget elementor-widget-image\" data-id=\"55964c0\" data-element_type=\"widget\" data-widget_type=\"image.default\">\n\t\t\t\t<div class=\"elementor-widget-container\">\n\t\t\t<style>\/*! elementor - v3.6.5 - 27-04-2022 *\/\n.elementor-widget-image{text-align:center}.elementor-widget-image a{display:inline-block}.elementor-widget-image a img[src$=\".svg\"]{width:48px}.elementor-widget-image img{vertical-align:middle;display:inline-block}<\/style>\t\t\t\t\t\t\t\t\t\t\t\t\t<a href=\"https:\/\/pge40anos.sc.gov.br\/\">\n\t\t\t\t\t\t\t<img width=\"800\" height=\"363\" src=\"https:\/\/pge40anos.sc.gov.br\/wp-content\/uploads\/2022\/05\/PGE-40-anos-horizontal-preto-2-1024x464.png\" class=\"attachment-large size-large\" alt=\"\" loading=\"lazy\" srcset=\"https:\/\/pge40anos.sc.gov.br\/wp-content\/uploads\/2022\/05\/PGE-40-anos-horizontal-preto-2-1024x464.png 1024w, https:\/\/pge40anos.sc.gov.br\/wp-content\/uploads\/2022\/05\/PGE-40-anos-horizontal-preto-2-300x136.png 300w, https:\/\/pge40anos.sc.gov.br\/wp-content\/uploads\/2022\/05\/PGE-40-anos-horizontal-preto-2-768x348.png 768w, https:\/\/pge40anos.sc.gov.br\/wp-content\/uploads\/2022\/05\/PGE-40-anos-horizontal-preto-2.png 1492w\" sizes=\"(max-width: 800px) 100vw, 800px\" \/>\t\t\t\t\t\t\t\t<\/a>\n\t\t\t\t\t\t\t\t\t\t\t\t\t\t\t<\/div>\n\t\t\t\t<\/div>\n\t\t\t\t\t<\/div>\n\t\t<\/div>\n\t\t\t\t\t\t\t<\/div>\n\t\t<\/section>\n\t\t\t\t<section class=\"elementor-section elementor-top-section elementor-element elementor-element-ce3961d elementor-section-boxed elementor-section-height-default elementor-section-height-default\" data-id=\"ce3961d\" data-element_type=\"section\" data-settings=\"{&quot;background_background&quot;:&quot;classic&quot;}\">\n\t\t\t\t\t\t<div class=\"elementor-container elementor-column-gap-default\">\n\t\t\t\t\t<div class=\"elementor-column elementor-col-100 elementor-top-column elementor-element elementor-element-d80384b\" data-id=\"d80384b\" data-element_type=\"column\">\n\t\t\t<div class=\"elementor-widget-wrap elementor-element-populated\">\n\t\t\t\t\t\t\t\t<div class=\"elementor-element elementor-element-0ca056d elementor-widget elementor-widget-heading\" data-id=\"0ca056d\" data-element_type=\"widget\" data-widget_type=\"heading.default\">\n\t\t\t\t<div class=\"elementor-widget-container\">\n\t\t\t<style>\/*! elementor - v3.6.5 - 27-04-2022 *\/\n.elementor-heading-title{padding:0;margin:0;line-height:1}.elementor-widget-heading .elementor-heading-title[class*=elementor-size-]>a{color:inherit;font-size:inherit;line-height:inherit}.elementor-widget-heading .elementor-heading-title.elementor-size-small{font-size:15px}.elementor-widget-heading .elementor-heading-title.elementor-size-medium{font-size:19px}.elementor-widget-heading .elementor-heading-title.elementor-size-large{font-size:29px}.elementor-widget-heading .elementor-heading-title.elementor-size-xl{font-size:39px}.elementor-widget-heading .elementor-heading-title.elementor-size-xxl{font-size:59px}<\/style><h2 class=\"elementor-heading-title elementor-size-default\">Tese de Santa Catarina: renegocia\u00e7\u00e3o da d\u00edvida do Estado com a Uni\u00e3o proposta pela PGE baseou diversas decis\u00f5es do STF e estimulou ades\u00e3o maci\u00e7a de outras unidades da federa\u00e7\u00e3o<\/h2>\t\t<\/div>\n\t\t\t\t<\/div>\n\t\t\t\t\t<\/div>\n\t\t<\/div>\n\t\t\t\t\t\t\t<\/div>\n\t\t<\/section>\n\t\t\t\t<section class=\"elementor-section elementor-top-section elementor-element elementor-element-4d0d1bb elementor-section-boxed elementor-section-height-default elementor-section-height-default\" data-id=\"4d0d1bb\" data-element_type=\"section\" data-settings=\"{&quot;background_background&quot;:&quot;classic&quot;}\">\n\t\t\t\t\t\t<div class=\"elementor-container elementor-column-gap-default\">\n\t\t\t\t\t<div class=\"elementor-column elementor-col-50 elementor-top-column elementor-element elementor-element-c197cfc\" data-id=\"c197cfc\" data-element_type=\"column\">\n\t\t\t<div class=\"elementor-widget-wrap elementor-element-populated\">\n\t\t\t\t\t\t\t\t<div class=\"elementor-element elementor-element-d862efe elementor-widget elementor-widget-image\" data-id=\"d862efe\" data-element_type=\"widget\" data-widget_type=\"image.default\">\n\t\t\t\t<div class=\"elementor-widget-container\">\n\t\t\t\t\t\t\t\t\t\t\t\t\t\t\t<img width=\"768\" height=\"1152\" src=\"https:\/\/pge40anos.sc.gov.br\/wp-content\/uploads\/2022\/05\/iStock-487105555-768x1152.jpg\" class=\"attachment-medium_large size-medium_large\" alt=\"\" loading=\"lazy\" srcset=\"https:\/\/pge40anos.sc.gov.br\/wp-content\/uploads\/2022\/05\/iStock-487105555-768x1152.jpg 768w, https:\/\/pge40anos.sc.gov.br\/wp-content\/uploads\/2022\/05\/iStock-487105555-200x300.jpg 200w, https:\/\/pge40anos.sc.gov.br\/wp-content\/uploads\/2022\/05\/iStock-487105555-683x1024.jpg 683w, https:\/\/pge40anos.sc.gov.br\/wp-content\/uploads\/2022\/05\/iStock-487105555-1024x1536.jpg 1024w, https:\/\/pge40anos.sc.gov.br\/wp-content\/uploads\/2022\/05\/iStock-487105555-1365x2048.jpg 1365w, https:\/\/pge40anos.sc.gov.br\/wp-content\/uploads\/2022\/05\/iStock-487105555-scaled.jpg 1707w\" sizes=\"(max-width: 768px) 100vw, 768px\" \/>\t\t\t\t\t\t\t\t\t\t\t\t\t\t\t<\/div>\n\t\t\t\t<\/div>\n\t\t\t\t\t<\/div>\n\t\t<\/div>\n\t\t\t\t<div class=\"elementor-column elementor-col-50 elementor-top-column elementor-element elementor-element-07f27fa\" data-id=\"07f27fa\" data-element_type=\"column\">\n\t\t\t<div class=\"elementor-widget-wrap elementor-element-populated\">\n\t\t\t\t\t\t\t\t<div class=\"elementor-element elementor-element-5f3872b elementor-widget elementor-widget-text-editor\" data-id=\"5f3872b\" data-element_type=\"widget\" data-widget_type=\"text-editor.default\">\n\t\t\t\t<div class=\"elementor-widget-container\">\n\t\t\t<style>\/*! elementor - v3.6.5 - 27-04-2022 *\/\n.elementor-widget-text-editor.elementor-drop-cap-view-stacked .elementor-drop-cap{background-color:#818a91;color:#fff}.elementor-widget-text-editor.elementor-drop-cap-view-framed .elementor-drop-cap{color:#818a91;border:3px solid;background-color:transparent}.elementor-widget-text-editor:not(.elementor-drop-cap-view-default) .elementor-drop-cap{margin-top:8px}.elementor-widget-text-editor:not(.elementor-drop-cap-view-default) .elementor-drop-cap-letter{width:1em;height:1em}.elementor-widget-text-editor .elementor-drop-cap{float:left;text-align:center;line-height:1;font-size:50px}.elementor-widget-text-editor .elementor-drop-cap-letter{display:inline-block}<\/style>\t\t\t\t<p><span style=\"font-weight: 400;\">No ano de 1998, Santa Catarina aderiu ao programa do governo federal para Reestrutura\u00e7\u00e3o e Ajuste Fiscal dos Estados. Foi assinado entre o Estado e a Uni\u00e3o um contrato de consolida\u00e7\u00e3o e refinanciamento da d\u00edvida p\u00fablica estadual. Na \u00e9poca, o d\u00e9bito era de R$ 4 bilh\u00f5es.\u00a0<\/span><\/p><p><span style=\"font-weight: 400;\">A d\u00edvida, ent\u00e3o, passou a ser atualizada com base em pesados indexadores, com taxas que variavam entre 18% e 21% ao ano. Em decorr\u00eancia disso, apesar do pagamento de R$ 13 bilh\u00f5es ao longo dos anos, o saldo n\u00e3o parou de aumentar, alcan\u00e7ando, em 2011, R$ 8 bilh\u00f5es.<\/span><\/p><p><span style=\"font-weight: 400;\">Com o intuito de corrigir as distor\u00e7\u00f5es nos valores das d\u00edvidas dos estados com a Uni\u00e3o, em 2014 houve a edi\u00e7\u00e3o de uma<\/span><a href=\"http:\/\/www.planalto.gov.br\/ccivil_03\/leis\/lcp\/lcp148.htm\"> <span style=\"font-weight: 400;\">Lei Complementar<\/span><\/a><span style=\"font-weight: 400;\">, que alterou os indexadores a patamares mais baixos e tamb\u00e9m estabeleceu um desconto a ser aplicado sobre o saldo devedor, cujo c\u00e1lculo adotava como base a taxa Selic acumulada, isto \u00e9, sem capitaliza\u00e7\u00e3o. Por\u00e9m, em dezembro de 2015, para regulamentar a Lei Complementar, a presid\u00eancia da Rep\u00fablica editou um<\/span><a href=\"http:\/\/www.planalto.gov.br\/ccivil_03\/_ato2015-2018\/2015\/decreto\/d8616.htm\"> <span style=\"font-weight: 400;\">Decreto<\/span><\/a><span style=\"font-weight: 400;\">, que previa a utiliza\u00e7\u00e3o da taxa Selic capitalizada, contrariando o que havia sido definido na LC.<\/span><\/p>\t\t\t\t\t\t<\/div>\n\t\t\t\t<\/div>\n\t\t\t\t\t<\/div>\n\t\t<\/div>\n\t\t\t\t\t\t\t<\/div>\n\t\t<\/section>\n\t\t\t\t<section class=\"elementor-section elementor-top-section elementor-element elementor-element-ecf9aa4 elementor-section-boxed elementor-section-height-default elementor-section-height-default\" data-id=\"ecf9aa4\" data-element_type=\"section\" data-settings=\"{&quot;background_background&quot;:&quot;classic&quot;}\">\n\t\t\t\t\t\t<div class=\"elementor-container elementor-column-gap-default\">\n\t\t\t\t\t<div class=\"elementor-column elementor-col-100 elementor-top-column elementor-element elementor-element-113a3a0\" data-id=\"113a3a0\" data-element_type=\"column\">\n\t\t\t<div class=\"elementor-widget-wrap elementor-element-populated\">\n\t\t\t\t\t\t\t\t<div class=\"elementor-element elementor-element-2e584a2 elementor-widget elementor-widget-text-editor\" data-id=\"2e584a2\" data-element_type=\"widget\" data-widget_type=\"text-editor.default\">\n\t\t\t\t<div class=\"elementor-widget-container\">\n\t\t\t\t\t\t\t<p><strong>A &#8220;Tese de Santa Catarina&#8221; <\/strong><\/p><p><span style=\"font-weight: 400;\">Em fevereiro de 2016, a PGE\/SC ajuizou no Supremo Tribunal Federal (STF) um mandado de seguran\u00e7a, questionando o m\u00e9todo utilizado pelo Minist\u00e9rio da Fazenda para o rec\u00e1lculo da d\u00edvida p\u00fablica catarinense com a Uni\u00e3o. O mandado questionava o uso da taxa Selic capitalizada e defendia o uso da Selic simples (ou acumulada), tal como previsto na LC.<\/span><\/p><p><span style=\"font-weight: 400;\">Num primeiro momento, o ministro Luiz Edson Fachin negou seguimento ao Mandado de Seguran\u00e7a, entendendo que a a\u00e7\u00e3o n\u00e3o era o instrumento jur\u00eddico adequado para questionar o valor da d\u00edvida. A PGE entrou com um recurso contra a decis\u00e3o do ministro e, em abril de 2016, o pleno do STF reconheceu a adequa\u00e7\u00e3o do instrumento jur\u00eddico utilizado pelo Estado. Na mesma sess\u00e3o, foi concedida tamb\u00e9m uma liminar autorizando o Estado de Santa Catarina a realizar os pagamentos das parcelas da d\u00edvida de acordo com o montante que entendia devido, bem como proibindo a Uni\u00e3o de aplicar qualquer penalidade em raz\u00e3o disso.<\/span><\/p><p><span style=\"font-weight: 400;\">Ap\u00f3s a decis\u00e3o do STF, houve maci\u00e7a ades\u00e3o \u00e0 chamada \u201cTese de Santa Catarina\u201d &#8211; outros 16 estados ingressaram com a\u00e7\u00e3o id\u00eantica. Devido a isso, no final de abril de 2016, o STF concedeu 60 dias para que estados e governo federal encontrassem uma maneira de solucionar o impasse. E em junho do mesmo ano, Estados e Uni\u00e3o chegaram a um acordo: a cobran\u00e7a regular das parcelas mensais da d\u00edvida seria feita, com desconto, a partir de janeiro de 2017. O valor das presta\u00e7\u00f5es deveria aumentar gradualmente durante um ano e meio e, em junho de 2018, os estados retomariam o pagamento da parcela cheia de suas d\u00edvidas. A previs\u00e3o foi que os novos termos de pagamento geraram uma economia de R$ 2 bilh\u00f5es para o Estado de Santa Catarina.<\/span><\/p>\t\t\t\t\t\t<\/div>\n\t\t\t\t<\/div>\n\t\t\t\t\t<\/div>\n\t\t<\/div>\n\t\t\t\t\t\t\t<\/div>\n\t\t<\/section>\n\t\t\t\t\t\t\t<\/div>\n\t\t","protected":false},"excerpt":{"rendered":"<p>Tese de Santa Catarina: renegocia\u00e7\u00e3o da d\u00edvida do Estado com a Uni\u00e3o proposta pela PGE baseou diversas decis\u00f5es do STF e estimulou ades\u00e3o maci\u00e7a de outras unidades da federa\u00e7\u00e3o No ano de 1998, Santa Catarina aderiu ao programa do governo federal para Reestrutura\u00e7\u00e3o e Ajuste Fiscal dos Estados. Foi assinado entre o Estado e a [&hellip;]<\/p>\n","protected":false},"author":1,"featured_media":0,"parent":0,"menu_order":0,"comment_status":"closed","ping_status":"closed","template":"elementor_canvas","meta":[],"_links":{"self":[{"href":"https:\/\/pge40anos.sc.gov.br\/index.php?rest_route=\/wp\/v2\/pages\/173"}],"collection":[{"href":"https:\/\/pge40anos.sc.gov.br\/index.php?rest_route=\/wp\/v2\/pages"}],"about":[{"href":"https:\/\/pge40anos.sc.gov.br\/index.php?rest_route=\/wp\/v2\/types\/page"}],"author":[{"embeddable":true,"href":"https:\/\/pge40anos.sc.gov.br\/index.php?rest_route=\/wp\/v2\/users\/1"}],"replies":[{"embeddable":true,"href":"https:\/\/pge40anos.sc.gov.br\/index.php?rest_route=%2Fwp%2Fv2%2Fcomments&post=173"}],"version-history":[{"count":16,"href":"https:\/\/pge40anos.sc.gov.br\/index.php?rest_route=\/wp\/v2\/pages\/173\/revisions"}],"predecessor-version":[{"id":354,"href":"https:\/\/pge40anos.sc.gov.br\/index.php?rest_route=\/wp\/v2\/pages\/173\/revisions\/354"}],"wp:attachment":[{"href":"https:\/\/pge40anos.sc.gov.br\/index.php?rest_route=%2Fwp%2Fv2%2Fmedia&parent=173"}],"curies":[{"name":"wp","href":"https:\/\/api.w.org\/{rel}","templated":true}]}}