{"id":194,"date":"2022-05-06T04:05:17","date_gmt":"2022-05-06T04:05:17","guid":{"rendered":"https:\/\/pge40anos.sc.gov.br\/?page_id=194"},"modified":"2022-05-06T06:08:00","modified_gmt":"2022-05-06T06:08:00","slug":"duplicacao-da-rodovia-sc-401","status":"publish","type":"page","link":"https:\/\/pge40anos.sc.gov.br\/?page_id=194","title":{"rendered":"Duplica\u00e7\u00e3o da Rodovia SC-401"},"content":{"rendered":"\t\t<div data-elementor-type=\"wp-page\" data-elementor-id=\"194\" class=\"elementor elementor-194\">\n\t\t\t\t\t\t\t\t\t<section class=\"elementor-section elementor-top-section elementor-element elementor-element-2a53f65 elementor-section-boxed elementor-section-height-default elementor-section-height-default\" data-id=\"2a53f65\" data-element_type=\"section\" data-settings=\"{&quot;background_background&quot;:&quot;classic&quot;}\">\n\t\t\t\t\t\t<div class=\"elementor-container elementor-column-gap-default\">\n\t\t\t\t\t<div class=\"elementor-column elementor-col-100 elementor-top-column elementor-element elementor-element-f82d25c\" data-id=\"f82d25c\" data-element_type=\"column\">\n\t\t\t<div class=\"elementor-widget-wrap elementor-element-populated\">\n\t\t\t\t\t\t\t\t<div class=\"elementor-element elementor-element-ef95713 elementor-widget elementor-widget-image\" data-id=\"ef95713\" data-element_type=\"widget\" data-widget_type=\"image.default\">\n\t\t\t\t<div class=\"elementor-widget-container\">\n\t\t\t<style>\/*! elementor - v3.6.5 - 27-04-2022 *\/\n.elementor-widget-image{text-align:center}.elementor-widget-image a{display:inline-block}.elementor-widget-image a img[src$=\".svg\"]{width:48px}.elementor-widget-image img{vertical-align:middle;display:inline-block}<\/style>\t\t\t\t\t\t\t\t\t\t\t\t\t<a href=\"https:\/\/pge40anos.sc.gov.br\/\">\n\t\t\t\t\t\t\t<img width=\"800\" height=\"363\" src=\"https:\/\/pge40anos.sc.gov.br\/wp-content\/uploads\/2022\/05\/PGE-40-anos-horizontal-preto-2-1024x464.png\" class=\"attachment-large size-large\" alt=\"\" loading=\"lazy\" srcset=\"https:\/\/pge40anos.sc.gov.br\/wp-content\/uploads\/2022\/05\/PGE-40-anos-horizontal-preto-2-1024x464.png 1024w, https:\/\/pge40anos.sc.gov.br\/wp-content\/uploads\/2022\/05\/PGE-40-anos-horizontal-preto-2-300x136.png 300w, https:\/\/pge40anos.sc.gov.br\/wp-content\/uploads\/2022\/05\/PGE-40-anos-horizontal-preto-2-768x348.png 768w, https:\/\/pge40anos.sc.gov.br\/wp-content\/uploads\/2022\/05\/PGE-40-anos-horizontal-preto-2.png 1492w\" sizes=\"(max-width: 800px) 100vw, 800px\" \/>\t\t\t\t\t\t\t\t<\/a>\n\t\t\t\t\t\t\t\t\t\t\t\t\t\t\t<\/div>\n\t\t\t\t<\/div>\n\t\t\t\t\t<\/div>\n\t\t<\/div>\n\t\t\t\t\t\t\t<\/div>\n\t\t<\/section>\n\t\t\t\t<section class=\"elementor-section elementor-top-section elementor-element elementor-element-efa17ea elementor-section-boxed elementor-section-height-default elementor-section-height-default\" data-id=\"efa17ea\" data-element_type=\"section\" data-settings=\"{&quot;background_background&quot;:&quot;classic&quot;}\">\n\t\t\t\t\t\t<div class=\"elementor-container elementor-column-gap-default\">\n\t\t\t\t\t<div class=\"elementor-column elementor-col-100 elementor-top-column elementor-element elementor-element-40c7e3a\" data-id=\"40c7e3a\" data-element_type=\"column\">\n\t\t\t<div class=\"elementor-widget-wrap elementor-element-populated\">\n\t\t\t\t\t\t\t\t<div class=\"elementor-element elementor-element-90921f4 elementor-widget elementor-widget-heading\" data-id=\"90921f4\" data-element_type=\"widget\" data-widget_type=\"heading.default\">\n\t\t\t\t<div class=\"elementor-widget-container\">\n\t\t\t<style>\/*! elementor - v3.6.5 - 27-04-2022 *\/\n.elementor-heading-title{padding:0;margin:0;line-height:1}.elementor-widget-heading .elementor-heading-title[class*=elementor-size-]>a{color:inherit;font-size:inherit;line-height:inherit}.elementor-widget-heading .elementor-heading-title.elementor-size-small{font-size:15px}.elementor-widget-heading .elementor-heading-title.elementor-size-medium{font-size:19px}.elementor-widget-heading .elementor-heading-title.elementor-size-large{font-size:29px}.elementor-widget-heading .elementor-heading-title.elementor-size-xl{font-size:39px}.elementor-widget-heading .elementor-heading-title.elementor-size-xxl{font-size:59px}<\/style><h2 class=\"elementor-heading-title elementor-size-default\">Duplica\u00e7\u00e3o da Rodovia SC-401: por meio da atua\u00e7\u00e3o da PGE, a concess\u00e3o da rodovia p\u00f4de continuar com o Estado, sem a cobran\u00e7a de ped\u00e1gio <\/h2>\t\t<\/div>\n\t\t\t\t<\/div>\n\t\t\t\t\t<\/div>\n\t\t<\/div>\n\t\t\t\t\t\t\t<\/div>\n\t\t<\/section>\n\t\t\t\t<section class=\"elementor-section elementor-top-section elementor-element elementor-element-5690345 elementor-section-boxed elementor-section-height-default elementor-section-height-default\" data-id=\"5690345\" data-element_type=\"section\" data-settings=\"{&quot;background_background&quot;:&quot;classic&quot;}\">\n\t\t\t\t\t\t<div class=\"elementor-container elementor-column-gap-default\">\n\t\t\t\t\t<div class=\"elementor-column elementor-col-50 elementor-top-column elementor-element elementor-element-924214f\" data-id=\"924214f\" data-element_type=\"column\">\n\t\t\t<div class=\"elementor-widget-wrap elementor-element-populated\">\n\t\t\t\t\t\t\t\t<div class=\"elementor-element elementor-element-23688ad elementor-widget elementor-widget-image\" data-id=\"23688ad\" data-element_type=\"widget\" data-widget_type=\"image.default\">\n\t\t\t\t<div class=\"elementor-widget-container\">\n\t\t\t\t\t\t\t\t\t\t\t\t\t\t\t<img width=\"800\" height=\"534\" src=\"https:\/\/pge40anos.sc.gov.br\/wp-content\/uploads\/2022\/05\/rodovia-sc401.jpg\" class=\"attachment-large size-large\" alt=\"\" loading=\"lazy\" srcset=\"https:\/\/pge40anos.sc.gov.br\/wp-content\/uploads\/2022\/05\/rodovia-sc401.jpg 1000w, https:\/\/pge40anos.sc.gov.br\/wp-content\/uploads\/2022\/05\/rodovia-sc401-300x200.jpg 300w, https:\/\/pge40anos.sc.gov.br\/wp-content\/uploads\/2022\/05\/rodovia-sc401-768x512.jpg 768w\" sizes=\"(max-width: 800px) 100vw, 800px\" \/>\t\t\t\t\t\t\t\t\t\t\t\t\t\t\t<\/div>\n\t\t\t\t<\/div>\n\t\t\t\t\t<\/div>\n\t\t<\/div>\n\t\t\t\t<div class=\"elementor-column elementor-col-50 elementor-top-column elementor-element elementor-element-118cdba\" data-id=\"118cdba\" data-element_type=\"column\">\n\t\t\t<div class=\"elementor-widget-wrap elementor-element-populated\">\n\t\t\t\t\t\t\t\t<div class=\"elementor-element elementor-element-aee68c6 elementor-widget elementor-widget-text-editor\" data-id=\"aee68c6\" data-element_type=\"widget\" data-widget_type=\"text-editor.default\">\n\t\t\t\t<div class=\"elementor-widget-container\">\n\t\t\t<style>\/*! elementor - v3.6.5 - 27-04-2022 *\/\n.elementor-widget-text-editor.elementor-drop-cap-view-stacked .elementor-drop-cap{background-color:#818a91;color:#fff}.elementor-widget-text-editor.elementor-drop-cap-view-framed .elementor-drop-cap{color:#818a91;border:3px solid;background-color:transparent}.elementor-widget-text-editor:not(.elementor-drop-cap-view-default) .elementor-drop-cap{margin-top:8px}.elementor-widget-text-editor:not(.elementor-drop-cap-view-default) .elementor-drop-cap-letter{width:1em;height:1em}.elementor-widget-text-editor .elementor-drop-cap{float:left;text-align:center;line-height:1;font-size:50px}.elementor-widget-text-editor .elementor-drop-cap-letter{display:inline-block}<\/style>\t\t\t\t<p><span style=\"font-weight: 400;\">Em 1993, o ent\u00e3o Departamento de Estradas de Rodagem (antigo DER, hoje Secretaria de Estado de Infraestrutura) lan\u00e7ou o edital para a contrata\u00e7\u00e3o, em regime de concess\u00e3o, das obras de duplica\u00e7\u00e3o e manuten\u00e7\u00e3o da Rodovia SC-401, na Capital. A empresa vencedora da licita\u00e7\u00e3o firmou com o DER o contrato de concess\u00e3o pelo per\u00edodo de 25 anos. O acordo previa a cobran\u00e7a de ped\u00e1gio para ressarcimento dos investimentos realizados pela empresa, por\u00e9m, em 1998, houve uma decis\u00e3o judicial que proibiu a cobran\u00e7a, sob o argumento de existirem altera\u00e7\u00f5es no projeto original da obra.<\/span><\/p><p><span style=\"font-weight: 400;\">A quest\u00e3o foi remetida \u00e0 Justi\u00e7a, onde j\u00e1 haviam outras a\u00e7\u00f5es em andamento: uma tratando da rescis\u00e3o do contrato de concess\u00e3o e a indeniza\u00e7\u00e3o pelas obras realizadas e valores de ped\u00e1gio n\u00e3o cobrados e outra sobre a revoga\u00e7\u00e3o do contrato de financiamento.<\/span><\/p>\t\t\t\t\t\t<\/div>\n\t\t\t\t<\/div>\n\t\t\t\t\t<\/div>\n\t\t<\/div>\n\t\t\t\t\t\t\t<\/div>\n\t\t<\/section>\n\t\t\t\t<section class=\"elementor-section elementor-top-section elementor-element elementor-element-d1f38c6 elementor-section-boxed elementor-section-height-default elementor-section-height-default\" data-id=\"d1f38c6\" data-element_type=\"section\" data-settings=\"{&quot;background_background&quot;:&quot;classic&quot;}\">\n\t\t\t\t\t\t<div class=\"elementor-container elementor-column-gap-default\">\n\t\t\t\t\t<div class=\"elementor-column elementor-col-100 elementor-top-column elementor-element elementor-element-37ff6d4\" data-id=\"37ff6d4\" data-element_type=\"column\">\n\t\t\t<div class=\"elementor-widget-wrap elementor-element-populated\">\n\t\t\t\t\t\t\t\t<div class=\"elementor-element elementor-element-a0fc4d3 elementor-widget elementor-widget-text-editor\" data-id=\"a0fc4d3\" data-element_type=\"widget\" data-widget_type=\"text-editor.default\">\n\t\t\t\t<div class=\"elementor-widget-container\">\n\t\t\t\t\t\t\t<p><strong>Hist\u00f3rico do processo<\/strong><\/p><p><span style=\"font-weight: 400;\">Ap\u00f3s o Deinfra retomar a manuten\u00e7\u00e3o e conserva\u00e7\u00e3o da rodovia, algumas decis\u00f5es importantes foram tomadas pela Justi\u00e7a. A mais relevante foi em 2004, quando o Tribunal Regional Federal da 4\u00aa Regi\u00e3o (TRF 4\u00aa) decidiu que a empresa deveria ser indenizada pelas obras na rodovia e com a adi\u00e7\u00e3o do lucro cessante &#8211; ou seja, o ped\u00e1gio que deixou de ser arrecadado pela empresa.<\/span><\/p><p><span style=\"font-weight: 400;\">Com isso, em 2005, a PGE recorreu ao Superior Tribunal de Justi\u00e7a (STJ) contestando a decis\u00e3o, sob alega\u00e7\u00e3o de que v\u00e1rias provas n\u00e3o haviam sido apreciadas. Ao mesmo tempo, argumentou que o lucro cessante era indevido, pois a empresa foi a causadora da n\u00e3o finaliza\u00e7\u00e3o da obra conforme o contrato.<\/span><\/p><p><span style=\"font-weight: 400;\">Em 2009, o STJ acolheu pedido da PGE e anulou o ac\u00f3rd\u00e3o do TRF 4\u00aa que previa o pagamento de indeniza\u00e7\u00e3o \u00e0 empresa, voltando o processo para novo julgamento do Tribunal Federal. Em 2011, o TRF 4\u00aa reformou decis\u00e3o que condenava o Estado de Santa Catarina ao pagamento do lucro cessante \u00e0 empresa. Por dois votos a um, os ju\u00edzes conheceram parcialmente os embargos declarat\u00f3rios apresentados pela PGE e pelo Departamento Estadual de Infraestrutura (Deinfra), e deram provimento parcial para excluir o lucro cessante do pagamento por obras realizadas pela empresa na rodovia.<\/span><\/p><p><span style=\"font-weight: 400;\">Em 2015, o STJ determinou que o processo voltasse ao TRF 4\u00aa para decidir acerca da compet\u00eancia da Justi\u00e7a Federal. Por fim, em setembro de 2017, o TRF 4\u00aa, ao apreciar segundos embargos de declara\u00e7\u00e3o do Deinfra, manteve a compet\u00eancia da Justi\u00e7a Federal para julgar o processo, mas atendeu ao recurso da PGE reduzindo substancialmente os juros de mora incidentes na condena\u00e7\u00e3o e, ainda, diminuindo os honor\u00e1rios advocat\u00edcios devidos \u00e0 Linha Azul (de 10% para 1% do valor da condena\u00e7\u00e3o).<\/span><\/p>\t\t\t\t\t\t<\/div>\n\t\t\t\t<\/div>\n\t\t\t\t\t<\/div>\n\t\t<\/div>\n\t\t\t\t\t\t\t<\/div>\n\t\t<\/section>\n\t\t\t\t\t\t\t<\/div>\n\t\t","protected":false},"excerpt":{"rendered":"<p>Duplica\u00e7\u00e3o da Rodovia SC-401: por meio da atua\u00e7\u00e3o da PGE, a concess\u00e3o da rodovia p\u00f4de continuar com o Estado, sem a cobran\u00e7a de ped\u00e1gio Em 1993, o ent\u00e3o Departamento de Estradas de Rodagem (antigo DER, hoje Secretaria de Estado de Infraestrutura) lan\u00e7ou o edital para a contrata\u00e7\u00e3o, em regime de concess\u00e3o, das obras de duplica\u00e7\u00e3o [&hellip;]<\/p>\n","protected":false},"author":1,"featured_media":0,"parent":0,"menu_order":0,"comment_status":"closed","ping_status":"closed","template":"elementor_canvas","meta":[],"_links":{"self":[{"href":"https:\/\/pge40anos.sc.gov.br\/index.php?rest_route=\/wp\/v2\/pages\/194"}],"collection":[{"href":"https:\/\/pge40anos.sc.gov.br\/index.php?rest_route=\/wp\/v2\/pages"}],"about":[{"href":"https:\/\/pge40anos.sc.gov.br\/index.php?rest_route=\/wp\/v2\/types\/page"}],"author":[{"embeddable":true,"href":"https:\/\/pge40anos.sc.gov.br\/index.php?rest_route=\/wp\/v2\/users\/1"}],"replies":[{"embeddable":true,"href":"https:\/\/pge40anos.sc.gov.br\/index.php?rest_route=%2Fwp%2Fv2%2Fcomments&post=194"}],"version-history":[{"count":19,"href":"https:\/\/pge40anos.sc.gov.br\/index.php?rest_route=\/wp\/v2\/pages\/194\/revisions"}],"predecessor-version":[{"id":348,"href":"https:\/\/pge40anos.sc.gov.br\/index.php?rest_route=\/wp\/v2\/pages\/194\/revisions\/348"}],"wp:attachment":[{"href":"https:\/\/pge40anos.sc.gov.br\/index.php?rest_route=%2Fwp%2Fv2%2Fmedia&parent=194"}],"curies":[{"name":"wp","href":"https:\/\/api.w.org\/{rel}","templated":true}]}}